{"id":3,"date":"2025-01-02T03:49:06","date_gmt":"2025-01-02T03:49:06","guid":{"rendered":"https:\/\/hmdrivecar.com\/?page_id=3"},"modified":"2025-09-25T23:11:28","modified_gmt":"2025-09-25T23:11:28","slug":"conditions-generales","status":"publish","type":"page","link":"https:\/\/hmdrivecar.com\/en\/conditions-generales\/","title":{"rendered":"Terms and Conditions"},"content":{"rendered":"<style>.elementor-3 .elementor-element.elementor-element-19736b9:not(.elementor-motion-effects-element-type-background), .elementor-3 .elementor-element.elementor-element-19736b9 > .elementor-motion-effects-container > .elementor-motion-effects-layer{background-color:var( --e-global-color-accent );background-image:url(\"https:\/\/hmdrivecar.com\/wp-content\/uploads\/2025\/09\/cropped-hands-person-holding-papers-car-hood-scaled.jpg\");background-position:center center;background-repeat:no-repeat;background-size:cover;}.elementor-3 .elementor-element.elementor-element-19736b9 > .elementor-background-overlay{background-color:var( --e-global-color-accent );opacity:0.7;transition:background 0.3s, border-radius 0.3s, opacity 0.3s;}.elementor-3 .elementor-element.elementor-element-19736b9 > .elementor-container{max-width:700px;}.elementor-3 .elementor-element.elementor-element-19736b9{transition:background 0.3s, border 0.3s, border-radius 0.3s, box-shadow 0.3s;padding:120px 0px 120px 0px;}.elementor-3 .elementor-element.elementor-element-5ce7a60 > .elementor-widget-container{margin:0px 0px 0px 0px;}.elementor-3 .elementor-element.elementor-element-5ce7a60 .qodef-qi-section-title{text-align:center;}.elementor-3 .elementor-element.elementor-element-5ce7a60 .qodef-qi-section-title > .qodef-m-text{color:var( --e-global-color-8e5a9f2 );font-family:var( --e-global-typography-09c7a87-font-family ), Sans-serif;font-size:var( --e-global-typography-09c7a87-font-size );font-weight:var( --e-global-typography-09c7a87-font-weight );text-transform:var( --e-global-typography-09c7a87-text-transform );font-style:var( --e-global-typography-09c7a87-font-style );text-decoration:var( --e-global-typography-09c7a87-text-decoration );line-height:var( --e-global-typography-09c7a87-line-height );letter-spacing:var( --e-global-typography-09c7a87-letter-spacing );margin-top:0px;}.elementor-3 .elementor-element.elementor-element-5ce7a60 .qodef-qi-section-title .qodef-m-title{color:var( --e-global-color-9176619 );font-size:64px;margin:5px 0px 0px 0px;}.elementor-3 .elementor-element.elementor-element-5ce7a60 .qodef-qi-section-title .qodef-e-colored{color:var( --e-global-color-secondary );}.elementor-3 .elementor-element.elementor-element-5ce7a60 .qodef-qi-section-title .qodef-m-subtitle{color:var( --e-global-color-secondary );font-family:var( --e-global-typography-accent-font-family ), Sans-serif;font-size:var( --e-global-typography-accent-font-size );font-weight:var( --e-global-typography-accent-font-weight );text-transform:var( --e-global-typography-accent-text-transform );font-style:var( --e-global-typography-accent-font-style );text-decoration:var( --e-global-typography-accent-text-decoration );line-height:var( --e-global-typography-accent-line-height );letter-spacing:var( --e-global-typography-accent-letter-spacing );margin-top:0px;}.elementor-3 .elementor-element.elementor-element-5ce7a60 .qodef-m-subtitle{align-items:baseline;}.elementor-3 .elementor-element.elementor-element-5ce7a60 .qodef-qi-button{font-family:var( --e-global-typography-abd9e19-font-family ), Sans-serif;font-size:var( --e-global-typography-abd9e19-font-size );font-weight:var( --e-global-typography-abd9e19-font-weight );text-transform:var( --e-global-typography-abd9e19-text-transform );font-style:var( --e-global-typography-abd9e19-font-style );text-decoration:var( --e-global-typography-abd9e19-text-decoration );line-height:var( --e-global-typography-abd9e19-line-height );letter-spacing:var( --e-global-typography-abd9e19-letter-spacing );color:var( --e-global-color-accent );border-radius:200px 200px 200px 200px;padding:16px 40px 16px 40px;}.elementor-3 .elementor-element.elementor-element-5ce7a60 .qodef-qi-button.qodef-layout--filled{background-color:var( --e-global-color-secondary );}.elementor-3 .elementor-element.elementor-element-5ce7a60 .qodef-qi-button:hover{color:var( --e-global-color-primary );}.elementor-3 .elementor-element.elementor-element-5ce7a60 .qodef-qi-button.qodef-layout--filled:not(.qodef-hover--reveal):hover{background-color:var( --e-global-color-9176619 );}.elementor-3 .elementor-element.elementor-element-5ce7a60 .qodef-qi-button.qodef-layout--outlined:not(.qodef-hover--reveal):hover{background-color:var( --e-global-color-9176619 );}.elementor-3 .elementor-element.elementor-element-5ce7a60 .qodef-qi-button.qodef-layout--filled.qodef-hover--reveal:after{background-color:var( --e-global-color-9176619 );}.elementor-3 .elementor-element.elementor-element-5ce7a60 .qodef-qi-button.qodef-layout--outlined.qodef-hover--reveal:after{background-color:var( --e-global-color-9176619 );}.elementor-3 .elementor-element.elementor-element-5ce7a60 .qodef-qi-button.qodef-type--icon-boxed .qodef-m-text{padding:16px 40px 16px 40px;}.elementor-3 .elementor-element.elementor-element-5ce7a60 .qodef-qi-button.qodef-type--icon-boxed .qodef-m-icon{padding:16px 0 16px;}.elementor-3 .elementor-element.elementor-element-5ce7a60 .qodef-m-icon{margin:0px 10px 0px 0px;}.elementor-3 .elementor-element.elementor-element-4f11ffed{--display:flex;--justify-content:space-evenly;--align-items:center;--container-widget-width:calc( ( 1 - var( --container-widget-flex-grow ) ) * 100% );--margin-top:100px;--margin-bottom:100px;--margin-left:0px;--margin-right:0px;}@media(min-width:1025px){.elementor-3 .elementor-element.elementor-element-19736b9:not(.elementor-motion-effects-element-type-background), .elementor-3 .elementor-element.elementor-element-19736b9 > .elementor-motion-effects-container > .elementor-motion-effects-layer{background-attachment:fixed;}}@media(max-width:1024px){.elementor-3 .elementor-element.elementor-element-19736b9{padding:100px 40px 100px 40px;}.elementor-3 .elementor-element.elementor-element-5ce7a60 .qodef-qi-section-title > .qodef-m-text{font-size:var( --e-global-typography-09c7a87-font-size );line-height:var( --e-global-typography-09c7a87-line-height );letter-spacing:var( --e-global-typography-09c7a87-letter-spacing );}.elementor-3 .elementor-element.elementor-element-5ce7a60 .qodef-qi-section-title .qodef-m-subtitle{font-size:var( --e-global-typography-accent-font-size );line-height:var( --e-global-typography-accent-line-height );letter-spacing:var( --e-global-typography-accent-letter-spacing );}.elementor-3 .elementor-element.elementor-element-5ce7a60 .qodef-qi-button{font-size:var( --e-global-typography-abd9e19-font-size );line-height:var( --e-global-typography-abd9e19-line-height );letter-spacing:var( --e-global-typography-abd9e19-letter-spacing );}}@media(max-width:767px){.elementor-3 .elementor-element.elementor-element-19736b9{padding:80px 20px 80px 20px;}.elementor-3 .elementor-element.elementor-element-46147d1 > .elementor-element-populated{padding:0px 0px 0px 0px;}.elementor-3 .elementor-element.elementor-element-5ce7a60 .qodef-qi-section-title > .qodef-m-text{font-size:var( --e-global-typography-09c7a87-font-size );line-height:var( --e-global-typography-09c7a87-line-height );letter-spacing:var( --e-global-typography-09c7a87-letter-spacing );}.elementor-3 .elementor-element.elementor-element-5ce7a60 .qodef-qi-section-title .qodef-m-subtitle{font-size:var( --e-global-typography-accent-font-size );line-height:var( --e-global-typography-accent-line-height );letter-spacing:var( --e-global-typography-accent-letter-spacing );}.elementor-3 .elementor-element.elementor-element-5ce7a60 .qodef-qi-button{font-size:var( --e-global-typography-abd9e19-font-size );line-height:var( --e-global-typography-abd9e19-line-height );letter-spacing:var( --e-global-typography-abd9e19-letter-spacing );}}<\/style>\t\t<div data-elementor-type=\"wp-page\" data-elementor-id=\"3\" class=\"elementor elementor-3\" data-elementor-post-type=\"page\">\n\t\t\t\t\t\t<section class=\"elementor-section elementor-top-section elementor-element elementor-element-19736b9 elementor-section-boxed elementor-section-height-default elementor-section-height-default\" data-id=\"19736b9\" data-element_type=\"section\" data-settings=\"{&quot;background_background&quot;:&quot;classic&quot;}\">\n\t\t\t\t\t\t\t<div class=\"elementor-background-overlay\"><\/div>\n\t\t\t\t\t\t\t<div class=\"elementor-container elementor-column-gap-no\">\n\t\t\t\t\t<div class=\"elementor-column elementor-col-100 elementor-top-column elementor-element elementor-element-46147d1\" data-id=\"46147d1\" data-element_type=\"column\">\n\t\t\t<div class=\"elementor-widget-wrap elementor-element-populated\">\n\t\t\t\t\t\t<div class=\"elementor-element elementor-element-5ce7a60 elementor-widget elementor-widget-qi_addons_for_elementor_section_title\" data-id=\"5ce7a60\" data-element_type=\"widget\" data-widget_type=\"qi_addons_for_elementor_section_title.default\">\n\t\t\t\t<div class=\"elementor-widget-container\">\n\t\t\t\t\t<div class=\"qodef-shortcode qodef-m qodef-qi-section-title qodef-decoration--italic qodef-link--underline-draw qodef-subtitle-icon--left\">\n\t\t\t\t<h1 class=\"qodef-m-subtitle\">\n\t\tH&amp;M DRIVE\t\t\t<\/h1>\n\t\t\t<h2 class=\"qodef-m-title\">\n\t\tConditions <span class=\"qodef-e-colored\">G\u00e9n\u00e9rales<\/span>\t<\/h2>\n\t\t\t<\/div>\n\t\t\t\t<\/div>\n\t\t\t\t<\/div>\n\t\t\t\t\t<\/div>\n\t\t<\/div>\n\t\t\t\t\t<\/div>\n\t\t<\/section>\n\t\t<div class=\"elementor-element elementor-element-4f11ffed e-flex e-con-boxed e-con e-parent\" data-id=\"4f11ffed\" data-element_type=\"container\">\n\t\t\t\t\t<div class=\"e-con-inner\">\n\t\t\t\t<div class=\"elementor-element elementor-element-3e034fd5 elementor-widget elementor-widget-text-editor\" data-id=\"3e034fd5\" data-element_type=\"widget\" data-widget_type=\"text-editor.default\">\n\t\t\t\t<div class=\"elementor-widget-container\">\n\t\t\t\t\t\t\t\t\t\n<h2 class=\"wp-block-heading\" data-start=\"257\" data-end=\"286\">1. Utilisation du v\u00e9hicule<\/h2>\n<p data-start=\"287\" data-end=\"481\">Le locataire est le seul autoris\u00e9 \u00e0 conduire le v\u00e9hicule de location fourni par <strong data-start=\"367\" data-end=\"380\">H&amp;M DRIVE<\/strong> \u00e0 Marrakech. Il se porte garant du v\u00e9hicule et ne doit l\u2019utiliser que pour ses besoins personnels.<\/p>\n<p data-start=\"483\" data-end=\"527\">Il est strictement interdit au locataire :<\/p>\n<ul data-start=\"528\" data-end=\"735\">\n<li data-start=\"528\" data-end=\"605\">\n<p data-start=\"530\" data-end=\"605\">de participer \u00e0 toute comp\u00e9tition ou \u00e9v\u00e9nement sportif avec le v\u00e9hicule ;<\/p>\n<\/li>\n<li data-start=\"606\" data-end=\"692\">\n<p data-start=\"608\" data-end=\"692\">d\u2019utiliser le v\u00e9hicule \u00e0 des fins illicites ou pour le transport de marchandises ;<\/p>\n<\/li>\n<li data-start=\"693\" data-end=\"735\">\n<p data-start=\"695\" data-end=\"735\">de solliciter des documents douaniers.<\/p>\n<\/li>\n<\/ul>\n<p data-start=\"737\" data-end=\"949\">Le locataire s\u2019engage \u00e0 ne pas surcharger le v\u00e9hicule et \u00e0 ne pas transporter un nombre de passagers sup\u00e9rieur \u00e0 celui indiqu\u00e9 sur le contrat. En cas de non-respect, la couverture d\u2019assurance pourra \u00eatre annul\u00e9e.<\/p>\n<hr data-start=\"951\" data-end=\"954\" \/>\n<h2 data-start=\"956\" data-end=\"997\">2. \u00c9tat du v\u00e9hicule et responsabilit\u00e9s<\/h2>\n<p data-start=\"998\" data-end=\"1162\">Le v\u00e9hicule est remis en parfait \u00e9tat de marche et de propret\u00e9. Le locataire est responsable de tout dommage et doit r\u00e9gler les frais \u00e9ventuels de remise en \u00e9tat.<\/p>\n<p data-start=\"1164\" data-end=\"1330\">De plus, le locataire demeure seul responsable des amendes, contraventions et proc\u00e8s-verbaux qui pourraient \u00eatre \u00e9tablis \u00e0 son encontre durant la p\u00e9riode de location.<\/p>\n<hr data-start=\"1332\" data-end=\"1335\" \/>\n<h2 data-start=\"1337\" data-end=\"1352\">3. Assurance<\/h2>\n<p data-start=\"1353\" data-end=\"1438\">Tous les v\u00e9hicules de <strong data-start=\"1375\" data-end=\"1388\">H&amp;M DRIVE<\/strong> sont assur\u00e9s tous risques. L\u2019assurance couvre :<\/p>\n<ul data-start=\"1439\" data-end=\"1541\">\n<li data-start=\"1439\" data-end=\"1474\">\n<p data-start=\"1441\" data-end=\"1474\">le v\u00e9hicule en cas de dommage ;<\/p>\n<\/li>\n<li data-start=\"1475\" data-end=\"1507\">\n<p data-start=\"1477\" data-end=\"1507\">le vol et le bris de glace ;<\/p>\n<\/li>\n<li data-start=\"1508\" data-end=\"1541\">\n<p data-start=\"1510\" data-end=\"1541\">les conducteurs et passagers.<\/p>\n<\/li>\n<\/ul>\n<hr data-start=\"1543\" data-end=\"1546\" \/>\n<h2 data-start=\"1548\" data-end=\"1578\">4. R\u00e9servation et livraison<\/h2>\n<p data-start=\"1579\" data-end=\"1719\">Les r\u00e9servations peuvent \u00eatre effectu\u00e9es en ligne. <strong data-start=\"1630\" data-end=\"1643\">H&amp;M DRIVE<\/strong> propose r\u00e9guli\u00e8rement des promotions et assure la livraison du v\u00e9hicule :<\/p>\n<ul data-start=\"1720\" data-end=\"1784\">\n<li data-start=\"1720\" data-end=\"1738\">\n<p data-start=\"1722\" data-end=\"1738\">\u00e0 l\u2019a\u00e9roport ;<\/p>\n<\/li>\n<li data-start=\"1739\" data-end=\"1754\">\n<p data-start=\"1741\" data-end=\"1754\">\u00e0 l\u2019h\u00f4tel ;<\/p>\n<\/li>\n<li data-start=\"1755\" data-end=\"1784\">\n<p data-start=\"1757\" data-end=\"1784\">\u00e0 l\u2019agence <strong data-start=\"1768\" data-end=\"1781\">H&amp;M DRIVE<\/strong>.<\/p>\n<\/li>\n<\/ul>\n<p data-start=\"1786\" data-end=\"1953\">Ce service est disponible 7 jours sur 7, 24 heures sur 24. Toute information compl\u00e9mentaire concernant la r\u00e9servation sera communiqu\u00e9e au locataire apr\u00e8s confirmation.<\/p>\n<hr data-start=\"1955\" data-end=\"1958\" \/>\n<h2 data-start=\"1960\" data-end=\"1987\">5. Frais suppl\u00e9mentaires<\/h2>\n<p data-start=\"1988\" data-end=\"2213\">Les frais de livraison ou de r\u00e9cup\u00e9ration en dehors de Marrakech (pour une location d\u2019au moins 7 jours) s\u2019ajoutent aux frais de location et sont calcul\u00e9s en fonction de la distance entre l\u2019agence et l\u2019adresse de livraison :<\/p>\n<div class=\"_tableContainer_1rjym_1\">\n<div class=\"group _tableWrapper_1rjym_13 flex w-fit flex-col-reverse\" tabindex=\"-1\">\n<table class=\"w-fit min-w-(--thread-content-width)\" data-start=\"2215\" data-end=\"2447\">\n<thead data-start=\"2215\" data-end=\"2253\">\n<tr data-start=\"2215\" data-end=\"2253\">\n<th data-start=\"2215\" data-end=\"2223\" data-col-size=\"sm\">Ville<\/th>\n<th data-start=\"2223\" data-end=\"2253\" data-col-size=\"sm\">Frais de livraison\/retrait<\/th>\n<\/tr>\n<\/thead>\n<tbody data-start=\"2292\" data-end=\"2447\">\n<tr data-start=\"2292\" data-end=\"2315\">\n<td data-start=\"2292\" data-end=\"2304\" data-col-size=\"sm\">Essaouira<\/td>\n<td data-start=\"2304\" data-end=\"2315\" data-col-size=\"sm\">600 MAD<\/td>\n<\/tr>\n<tr data-start=\"2316\" data-end=\"2340\">\n<td data-start=\"2316\" data-end=\"2329\" data-col-size=\"sm\">Casablanca<\/td>\n<td data-start=\"2329\" data-end=\"2340\" data-col-size=\"sm\">700 MAD<\/td>\n<\/tr>\n<tr data-start=\"2341\" data-end=\"2361\">\n<td data-start=\"2341\" data-end=\"2350\" data-col-size=\"sm\">Agadir<\/td>\n<td data-start=\"2350\" data-end=\"2361\" data-col-size=\"sm\">700 MAD<\/td>\n<\/tr>\n<tr data-start=\"2362\" data-end=\"2386\">\n<td data-start=\"2362\" data-end=\"2375\" data-col-size=\"sm\">Ouarzazate<\/td>\n<td data-start=\"2375\" data-end=\"2386\" data-col-size=\"sm\">700 MAD<\/td>\n<\/tr>\n<tr data-start=\"2387\" data-end=\"2406\">\n<td data-start=\"2387\" data-end=\"2395\" data-col-size=\"sm\">Rabat<\/td>\n<td data-start=\"2395\" data-end=\"2406\" data-col-size=\"sm\">900 MAD<\/td>\n<\/tr>\n<tr data-start=\"2407\" data-end=\"2425\">\n<td data-start=\"2407\" data-end=\"2413\" data-col-size=\"sm\">F\u00e8s<\/td>\n<td data-start=\"2413\" data-end=\"2425\" data-col-size=\"sm\">1600 MAD<\/td>\n<\/tr>\n<tr data-start=\"2426\" data-end=\"2447\">\n<td data-start=\"2426\" data-end=\"2435\" data-col-size=\"sm\">Tanger<\/td>\n<td data-start=\"2435\" data-end=\"2447\" data-col-size=\"sm\">1600 MAD<\/td>\n<\/tr>\n<\/tbody>\n<\/table>\n<\/div>\n<\/div>\n\t\t\t\t\t\t\t\t<\/div>\n\t\t\t\t<\/div>\n\t\t\t\t\t<\/div>\n\t\t\t\t<\/div>\n\t\t\t\t<\/div>","protected":false},"excerpt":{"rendered":"<p>H&amp;M DRIVE Conditions G\u00e9n\u00e9rales 1. Utilisation du v\u00e9hicule Le locataire est le seul autoris\u00e9 \u00e0 conduire le v\u00e9hicule de location fourni par H&amp;M DRIVE \u00e0 Marrakech. Il se porte garant du v\u00e9hicule et ne doit l\u2019utiliser que pour ses besoins personnels. Il est strictement interdit au locataire : de participer \u00e0 toute comp\u00e9tition ou \u00e9v\u00e9nement [&hellip;]<\/p>","protected":false},"author":1,"featured_media":0,"parent":0,"menu_order":0,"comment_status":"closed","ping_status":"closed","template":"","meta":{"footnotes":""},"class_list":["post-3","page","type-page","status-publish","hentry"],"_hostinger_reach_plugin_has_subscription_block":false,"_hostinger_reach_plugin_is_elementor":false,"_links":{"self":[{"href":"https:\/\/hmdrivecar.com\/en\/wp-json\/wp\/v2\/pages\/3","targetHints":{"allow":["GET"]}}],"collection":[{"href":"https:\/\/hmdrivecar.com\/en\/wp-json\/wp\/v2\/pages"}],"about":[{"href":"https:\/\/hmdrivecar.com\/en\/wp-json\/wp\/v2\/types\/page"}],"author":[{"embeddable":true,"href":"https:\/\/hmdrivecar.com\/en\/wp-json\/wp\/v2\/users\/1"}],"replies":[{"embeddable":true,"href":"https:\/\/hmdrivecar.com\/en\/wp-json\/wp\/v2\/comments?post=3"}],"version-history":[{"count":0,"href":"https:\/\/hmdrivecar.com\/en\/wp-json\/wp\/v2\/pages\/3\/revisions"}],"wp:attachment":[{"href":"https:\/\/hmdrivecar.com\/en\/wp-json\/wp\/v2\/media?parent=3"}],"curies":[{"name":"wp","href":"https:\/\/api.w.org\/{rel}","templated":true}]}}